{"id":3,"date":"2022-10-06T13:39:48","date_gmt":"2022-10-06T10:39:48","guid":{"rendered":"http:\/\/127.0.0.1\/?page_id=3"},"modified":"2023-01-15T12:15:09","modified_gmt":"2023-01-15T09:15:09","slug":"privacy-policy","status":"publish","type":"page","link":"https:\/\/www.sochic.com\/blog\/privacy-policy","title":{"rendered":"Gizlilik Politikas\u0131"},"content":{"rendered":"\n<p>Son g\u00fcncellenme: 15\/01\/2023<\/p>\n\n\n\n<p>G\u00fcvenli\u011finiz bizim i\u00e7in \u00f6nemli. Bu sebeple bizimle payla\u015faca\u011f\u0131n\u0131z ki\u015fisel verileriz hassasiyetle korunmaktad\u0131r.<\/p>\n\n\n\n<p>Biz, \u015eirket Ad\u0131, veri sorumlusu olarak, bu gizlilik ve ki\u015fisel verilerin korunmas\u0131 politikas\u0131 ile, hangi ki\u015fisel verilerinizin hangi ama\u00e7la i\u015flenece\u011fi, i\u015flenen verilerin kimlerle ve neden payla\u015f\u0131labilece\u011fi, veri i\u015fleme y\u00f6ntemimiz ve hukuki sebeplerimiz ile; i\u015flenen verilerinize ili\u015fkin haklar\u0131n\u0131z\u0131n neler oldu\u011fu hususunda sizleri ayd\u0131nlatmay\u0131 ama\u00e7l\u0131yoruz.<\/p>\n\n\n\n<h2 class=\"wp-block-heading\" id=\"toplanan-kisisel-verileriniz-toplanma-yoentemi-ve-hukuki-sebebi\"><span id=\"toplanan-kisisel-verileriniz-toplanma-yontemi-ve-hukuki-sebebi\">Toplanan Ki\u015fisel Verileriniz, Toplanma Y\u00f6ntemi ve Hukuki Sebebi<\/span><\/h2>\n\n\n\n<p>IP adresiniz ve kullan\u0131c\u0131 arac\u0131s\u0131 bilgileriniz, sadece analiz yapmak amac\u0131yla ve \u00e7erezler (cookies) vb. teknolojiler vas\u0131tas\u0131yla, otomatik veya otomatik olmayan y\u00f6ntemlerle ve bazen de analitik sa\u011flay\u0131c\u0131lar, reklam a\u011flar\u0131, arama bilgi sa\u011flay\u0131c\u0131lar\u0131, teknoloji sa\u011flay\u0131c\u0131lar\u0131 gibi \u00fc\u00e7\u00fcnc\u00fc taraflardan elde edilerek, kaydedilerek, depolanarak ve g\u00fcncellenerek, aram\u0131zdaki hizmet ve s\u00f6zle\u015fme ili\u015fkisi \u00e7er\u00e7evesinde ve s\u00fcresince, me\u015fru menfaat i\u015fleme \u015fart\u0131na dayan\u0131larak i\u015flenecektir.<\/p>\n\n\n\n<h2 class=\"wp-block-heading\" id=\"kisisel-verilerinizin-islenme-amaci\">Ki\u015fisel Verilerinizin \u0130\u015flenme Amac\u0131<\/h2>\n\n\n\n<p>Bizimle payla\u015ft\u0131\u011f\u0131n\u0131z ki\u015fisel verileriniz sadece analiz yapmak suretiyle; sundu\u011fumuz hizmetlerin gerekliliklerini en iyi \u015fekilde yerine getirebilmek, bu hizmetlere sizin taraf\u0131n\u0131zdan ula\u015f\u0131labilmesini ve maksimum d\u00fczeyde faydalan\u0131labilmesini sa\u011flamak, hizmetlerimizi, ihtiya\u00e7lar\u0131n\u0131z do\u011frultusunda geli\u015ftirebilmek ve sizleri daha geni\u015f kapsaml\u0131 hizmet sa\u011flay\u0131c\u0131lar\u0131 ile yasal \u00e7er\u00e7eveler i\u00e7erisinde bulu\u015fturabilmek ve kanundan do\u011fan zorunluluklar\u0131n (ki\u015fisel verilerin talep halinde adli ve idari makamlarla payla\u015f\u0131lmas\u0131) yerine getirilebilmesi amac\u0131yla, s\u00f6zle\u015fme ve hizmet s\u00fcresince, amac\u0131na uygun ve \u00f6l\u00e7\u00fcl\u00fc bir \u015fekilde i\u015flenecek ve g\u00fcncellenecektir.<\/p>\n\n\n\n<h2 class=\"wp-block-heading\" id=\"toplanan-kisisel-verilerin-kimlere-ve-hangi-amaclarla-aktarilabilecegi\">Toplanan Ki\u015fisel Verilerin Kimlere ve Hangi Ama\u00e7larla Aktar\u0131labilece\u011fi<\/h2>\n\n\n\n<p>Bizimle payla\u015ft\u0131\u011f\u0131n\u0131z ki\u015fisel verileriniz; faaliyetlerimizi y\u00fcr\u00fctmek \u00fczere hizmet ald\u0131\u011f\u0131m\u0131z ve\/veya verdi\u011fimiz, s\u00f6zle\u015fmesel ili\u015fki i\u00e7erisinde bulundu\u011fumuz, i\u015f birli\u011fi yapt\u0131\u011f\u0131m\u0131z, yurt i\u00e7i ve yurt d\u0131\u015f\u0131ndaki 3. \u015fah\u0131slar ile kurum ve kurulu\u015flara ve talep halinde adli ve idari makamlara, gerekli teknik ve idari \u00f6nlemler al\u0131nmas\u0131 ko\u015fulu ile aktar\u0131labilecektir.<\/p>\n\n\n\n<h2 class=\"wp-block-heading\" id=\"kisisel-verileri-islenen-kisi-olarak-haklariniz\">Ki\u015fisel Verileri \u0130\u015flenen Ki\u015fi Olarak Haklar\u0131n\u0131z<\/h2>\n\n\n\n<p>KVKK madde 11 uyar\u0131nca herkes, veri sorumlusuna ba\u015fvurarak a\u015fa\u011f\u0131daki haklar\u0131n\u0131 kullanabilir:<\/p>\n\n\n\n<ol class=\"wp-block-list\" type=\"a\">\n<li>Ki\u015fisel veri i\u015flenip i\u015flenmedi\u011fini \u00f6\u011frenme,<\/li>\n\n\n\n<li>Ki\u015fisel verileri i\u015flenmi\u015fse buna ili\u015fkin bilgi talep etme,<\/li>\n\n\n\n<li>Ki\u015fisel verilerin i\u015flenme amac\u0131n\u0131 ve bunlar\u0131n amac\u0131na uygun kullan\u0131l\u0131p kullan\u0131lmad\u0131\u011f\u0131n\u0131 \u00f6\u011frenme,<\/li>\n\n\n\n<li>Yurt i\u00e7inde veya yurt d\u0131\u015f\u0131nda ki\u015fisel verilerin aktar\u0131ld\u0131\u011f\u0131 \u00fc\u00e7\u00fcnc\u00fc ki\u015fileri bilme,<\/li>\n\n\n\n<li>Ki\u015fisel verilerin eksik veya yanl\u0131\u015f i\u015flenmi\u015f olmas\u0131 h\u00e2linde bunlar\u0131n d\u00fczeltilmesini isteme,<\/li>\n\n\n\n<li>Ki\u015fisel verilerin silinmesini veya yok edilmesini isteme,<\/li>\n\n\n\n<li>(e) ve (f) bentleri uyar\u0131nca yap\u0131lan i\u015flemlerin, ki\u015fisel verilerin aktar\u0131ld\u0131\u011f\u0131 \u00fc\u00e7\u00fcnc\u00fc ki\u015filere bildirilmesini isteme,<\/li>\n\n\n\n<li>\u0130\u015flenen verilerin m\u00fcnhas\u0131ran otomatik sistemler vas\u0131tas\u0131yla analiz edilmesi suretiyle ki\u015finin kendisi aleyhine bir sonucun ortaya \u00e7\u0131kmas\u0131na itiraz etme,<\/li>\n\n\n\n<li>Ki\u015fisel verilerin kanuna ayk\u0131r\u0131 olarak i\u015flenmesi sebebiyle zarara u\u011framas\u0131 h\u00e2linde zarar\u0131n giderilmesini talep etme, haklar\u0131na sahiptir.<\/li>\n<\/ol>\n\n\n\n<p>Yukar\u0131da say\u0131lan haklar\u0131n\u0131z\u0131 kullanmak \u00fczere&nbsp;email@site.com&nbsp;\u00fczerinden bizimle ileti\u015fime ge\u00e7ebilirsiniz.<\/p>\n\n\n\n<h2 class=\"wp-block-heading\" id=\"iletisim\">\u0130leti\u015fim<\/h2>\n\n\n\n<p>Sizlere hizmet sunabilmek ama\u00e7l\u0131 analizler yapabilmek i\u00e7in, sadece gerekli olan ki\u015fisel verilerinizin, i\u015fbu gizlilik ve ki\u015fisel verilerin i\u015flenmesi politikas\u0131 uyar\u0131nca i\u015flenmesini, kabul edip etmemek hususunda tamamen \u00f6zg\u00fcrs\u00fcn\u00fcz. Siteyi kullanmaya devam etti\u011finiz takdirde kabul etmi\u015f oldu\u011funuz taraf\u0131m\u0131zca varsay\u0131lacak olup, daha ayr\u0131nt\u0131l\u0131 bilgi i\u00e7in bizimle\u00a0email@site.com\u00a0e-mail adresi \u00fczerinden ileti\u015fime ge\u00e7mekten l\u00fctfen \u00e7ekinmeyiniz. <a href=\"https:\/\/www.sochic.com\/contactus\">https:\/\/www.sochic.com\/contactus<\/a><\/p>\n\n\n\n<p><\/p>\n\n\n\n<h2 id=\"cerez-politikasi\" class=\"wp-block-heading\">\u00c7erez Politikas\u0131<\/h2>\n\n\n\n<p>SO CHIC &nbsp;olarak, web sitemizin kullan\u0131m\u0131n\u0131 kolayla\u015ft\u0131rmak ve sitemizin kullan\u0131m\u0131n\u0131 ki\u015fiselle\u015ftirmek amac\u0131yla \u00e7erezler, piksel etiketleri (&#8220;pikseller&#8221;) ve yerel saklama teknolojileri kullan\u0131yoruz. Bu sayfan\u0131n, an\u0131lan teknolojilerin ni\u00e7in kullan\u0131ld\u0131klar\u0131n\u0131 ve bunlar\u0131 kontrol etmeyi veya -tercihiniz bu y\u00f6ndeyse- silmeyi anlaman\u0131za yard\u0131mc\u0131 olmas\u0131n\u0131 istiyoruz.&nbsp;<\/p>\n\n\n\n<p><strong>\u00c7erez Nedir?<\/strong><\/p>\n\n\n\n<p>G\u00fcn\u00fcm\u00fczde neredeyse her web sitesi \u00e7erez kullanmaktad\u0131r. Size daha iyi, h\u0131zl\u0131 ve g\u00fcvenli bir deneyim sa\u011flamak i\u00e7in, \u00e7o\u011fu internet sitesi gibi biz de \u00e7erezler kullan\u0131yoruz. \u00c7erez, bir web sitesini ziyaret etti\u011finizde cihaz\u0131n\u0131za (\u00f6rne\u011fin; bilgisayar veya cep telefonu) depolanan k\u00fc\u00e7\u00fck bir metin dosyas\u0131d\u0131r. \u00c7erezler, bir web sitesini ilk ziyaretiniz s\u0131ras\u0131nda taray\u0131c\u0131n\u0131z arac\u0131l\u0131\u011f\u0131yla cihaz\u0131n\u0131za depolanabilirler. Ayn\u0131 siteyi ayn\u0131 cihazla tekrar ziyaret etti\u011finizde taray\u0131c\u0131n\u0131z cihaz\u0131n\u0131zda site ad\u0131na kay\u0131tl\u0131 bir \u00e7erez olup olmad\u0131\u011f\u0131n\u0131 kontrol eder. E\u011fer kay\u0131t var ise, kayd\u0131n i\u00e7indeki veriyi ziyaret etmekte oldu\u011funuz web sitesine iletir. Bu sayede web sitesi, sizin siteyi daha \u00f6nce ziyaret etti\u011finizi anlar ve size iletilecek i\u00e7eri\u011fi de ona g\u00f6re tayin eder.&nbsp;<\/p>\n\n\n\n<p><strong>\u00c7erezler Neden Kullan\u0131l\u0131r?<\/strong><\/p>\n\n\n\n<p>Baz\u0131 \u00e7erezler, daha \u00f6nceki ziyaretlerinizde kulland\u0131\u011f\u0131n\u0131z tercihlerin web sitesi taraf\u0131ndan hat\u0131rlanmas\u0131n\u0131 sa\u011flayarak, sonraki ziyaretlerinizin \u00e7ok daha kullan\u0131c\u0131 dostu ve ki\u015fiselle\u015ftirilmi\u015f bir deneyim sunmas\u0131n\u0131 sa\u011flar.<\/p>\n\n\n\n<p><strong>\u00c7erezleri Kontrol Etme ve Silme<\/strong><\/p>\n\n\n\n<p>\u00c7erezlerin kullan\u0131m\u0131na ili\u015fkin tercihlerinizi de\u011fi\u015ftirmek ya da \u00e7erezleri engellemek veya silmek i\u00e7in taray\u0131c\u0131n\u0131z\u0131n ayarlar\u0131n\u0131 de\u011fi\u015ftirmeniz yeterlidir. Bir\u00e7ok taray\u0131c\u0131 \u00e7erezleri kontrol edebilmeniz i\u00e7in size \u00e7erezleri kabul etme veya reddetme, yaln\u0131zca belirli t\u00fcrdeki \u00e7erezleri kabul etme ya da bir web sitesi cihaz\u0131n\u0131za \u00e7erez depolamay\u0131 talep etti\u011finde taray\u0131c\u0131 taraf\u0131ndan uyar\u0131lma se\u00e7ene\u011fi sunar. Ayn\u0131 zamanda daha \u00f6nce taray\u0131c\u0131n\u0131za kaydedilmi\u015f \u00e7erezlerin silinmesi de m\u00fcmk\u00fcnd\u00fcr.\u00c7erezleri kontrol edilmesine veya silinmesine ili\u015fkin i\u015flemler kulland\u0131\u011f\u0131n\u0131z taray\u0131c\u0131ya g\u00f6re de\u011fi\u015febilmektedir.<\/p>\n\n\n\n<p><strong>SO CHIC Taraf\u0131ndan Kullan\u0131lan Cookiler<\/strong><\/p>\n\n\n\n<p>Web sitemizde kullan\u0131lan hi\u00e7bir \u00e7erez, kimli\u011finizin saptanmas\u0131na yarayacak verileri i\u015flememektedir. A\u015fa\u011f\u0131da web sitemizde kullan\u0131lmakta olan \u00e7erez t\u00fcrleri ve bu \u00e7erezlerin hangi ama\u00e7la kullan\u0131ld\u0131klar\u0131 detayl\u0131 bir \u015fekilde ortaya konmu\u015ftur<\/p>\n\n\n\n<p><strong>Kategori 1- Zorunlu \u00c7erezler<\/strong><\/p>\n\n\n\n<p>Bu \u00e7erezler, web sitesini dola\u015fman\u0131z, web sitesinin g\u00fcvenli alanlar\u0131na eri\u015fmenin sa\u011flanmas\u0131 ve izinlerin ortaya konmas\u0131 i\u00e7in \u00f6nemlidir. Bu \u00e7erezler olmadan, sitemizde bulunan al\u0131\u015fveri\u015f sepeti veya \u00f6deme sayfas\u0131 gibi talep etti\u011finiz hizmetler sa\u011flanamaz.<\/p>\n\n\n\n<figure class=\"wp-block-table\"><table><tbody><tr><td>\u00c7EREZ<\/td><td>\u00c7EREZ\u2019\u0130N TANIMI<\/td><\/tr><tr><td><strong>__RequestVerificationToken<\/strong><\/td><td>Kullan\u0131c\u0131 hareketlerinin takibi ve sahtecili\u011fin \u00f6nlenmesi i\u00e7in kullan\u0131lan \u00e7erezdir.<\/td><\/tr><\/tbody><\/table><\/figure>\n\n\n\n<p><strong>Kategori 2- &#8216;Performans&#8217; \u00c7erezleri<\/strong><br><br>Bu \u00e7erezler, ziyaret\u00e7ilerimizin web sitesini nas\u0131l kulland\u0131klar\u0131 hakk\u0131nda bilgi toplamaktad\u0131r. \u00d6rne\u011fin, &nbsp;ziyaret\u00e7ilerin en s\u0131k gidecekleri sayfalar\u0131 ve web sayfalar\u0131ndan hata mesajlar\u0131 al\u0131p almad\u0131klar\u0131n\u0131 bilmemizi sa\u011flar. Bu \u00e7erezler, bir ziyaret\u00e7iyi tan\u0131mlayan bilgileri de\u011fil toplamay\u0131p, anonim olarak bilgi toplama i\u015flemi yapmaktad\u0131r.<strong>&nbsp;<\/strong><\/p>\n\n\n\n<figure class=\"wp-block-table\"><table><tbody><tr><td>\u00c7EREZ<\/td><td>\u00c7EREZ\u2019\u0130N TANIMI<\/td><\/tr><tr><td><strong>_ga<\/strong><\/td><td>Google Universal Analytics ile ili\u015fkisi olan bir \u00e7erezdir. Bu \u00e7erez, istemci tan\u0131mlay\u0131c\u0131s\u0131 olarak rastgele olu\u015fturulmu\u015f bir numara atayarak benzersiz kullan\u0131c\u0131lar\u0131 ay\u0131rmak i\u00e7in kullan\u0131l\u0131r. Sitelerin analiz raporlar\u0131 i\u00e7in ziyaret\u00e7i, oturum ve kampanya verilerini hesaplamak i\u00e7in kullan\u0131l\u0131r.<\/td><\/tr><tr><td><strong>_gat<\/strong><\/td><td>Google Universal Analytics ile ili\u015fkilidir &#8211; y\u00fcksek trafik alanlar\u0131ndaki verilerin toplanmas\u0131n\u0131 s\u0131n\u0131rlar<\/td><\/tr><tr><td><strong>_gid<\/strong><\/td><td>Kullan\u0131c\u0131lar\u0131 ay\u0131rt etmek i\u00e7in kullan\u0131l\u0131r<\/td><\/tr><\/tbody><\/table><\/figure>\n\n\n\n<p><strong>&nbsp;Kategori 3: Hedefleme \/ Reklam \u00c7erezleri<\/strong><\/p>\n\n\n\n<p>Bu \u00e7erezler, reklamlar\u0131 sizinle ilgi alanlar\u0131n\u0131za uygun olarak reklam kampanyas\u0131n\u0131n etkinli\u011fini ve reklam say\u0131s\u0131n\u0131 \u00f6l\u00e7mek i\u00e7in kullan\u0131lmaktad\u0131r. Genellikle web sitesi operat\u00f6r\u00fcn\u00fcn izniyle reklam a\u011flar\u0131 taraf\u0131ndan yerle\u015ftirilirler. Ziyaret etti\u011finiz web sitelerini hat\u0131rl\u0131yorlar ve bu bilgiler 3. Ki\u015fi niteli\u011findeki reklam verenler gibi di\u011fer kurulu\u015flarla payla\u015f\u0131lmaktad\u0131r. \u00c7ok s\u0131kl\u0131kla \u00e7erezler hedefleme amac\u0131yla di\u011fer reklamlar\u0131n sitelerine link vermektedir.<\/p>\n\n\n\n<figure class=\"wp-block-table\"><table><tbody><tr><td>\u00c7EREZ<\/td><td>\u00c7EREZ\u2019\u0130N TANIMI<\/td><\/tr><tr><td><strong>datr<\/strong><\/td><td>Facebook taraf\u0131ndan sa\u011flanan&nbsp;&nbsp; bir cookie olup Like butonu analiti\u011fi \u00fczerinden davran\u0131\u015fsal reklamlama yapmaktad\u0131r. 10 g\u00fcn sonra veriler silinmektedir.<\/td><\/tr><tr><td><strong>fr<\/strong><\/td><td>Facebook taraf\u0131ndan sa\u011flanan bir ba\u015fka cookie olup ID name \u00fczerinden browser takibi ile davran\u0131\u015fsal reklamc\u0131l\u0131k olana\u011f\u0131 vermektedir.<\/td><\/tr><tr><td><strong>APISID<\/strong><\/td><td>Google taraf\u0131ndan kullan\u0131c\u0131lar\u0131n ziyaret ettikleri siteler \u00fczerinden hedefleme yap\u0131lmaktad\u0131r.<\/td><\/tr><tr><td><strong>SSID<\/strong><\/td><td>Google taraf\u0131ndan sa\u011flanan bir \u00e7erez olup, reklam alanlar\u0131n\u0131 ziyaretler \u00fczerinden hedefleme yapmaktad\u0131r.<\/td><\/tr><tr><td><strong>lu<\/strong><\/td><td>Facebook taraf\u0131ndan sa\u011flanan bir \u00e7erez olup, site giri\u015f \u00e7\u0131k\u0131\u015f yard\u0131mc\u0131s\u0131 olarak \u00e7al\u0131\u015fmaktad\u0131r.<\/td><\/tr><tr><td><strong>PREF<\/strong><\/td><td>Google aramalar\u0131na g\u00f6re ki\u015fisel reklamc\u0131l\u0131k sa\u011flamaktad\u0131r.<\/td><\/tr><tr><td><strong>SID<\/strong><\/td><td>Google \u00e7erezi olup, siteye giri\u015f \u00e7\u0131k\u0131\u015flarda \u00fcye giri\u015filerini denetlemektedir.<\/td><\/tr><tr><td><strong>id<\/strong><\/td><td>Doubleclick \u00fczerinden ger\u00e7ek zamanl\u0131 reklam \u00e7al\u0131\u015fmalar\u0131n\u0131 sa\u011flamaktad\u0131r.<\/td><\/tr><tr><td><strong>HSID<\/strong><\/td><td>Google kullan\u0131c\u0131 hesab\u0131n\u0131n site ziyaretinin ger\u00e7ek zaman\u0131n\u0131 belirlemek i\u00e7in kullan\u0131lmaktad\u0131r.<\/td><\/tr><\/tbody><\/table><\/figure>\n","protected":false},"excerpt":{"rendered":"<p>Son g\u00fcncellenme: 15\/01\/2023 G\u00fcvenli\u011finiz bizim i\u00e7in \u00f6nemli. Bu sebeple bizimle payla\u015faca\u011f\u0131n\u0131z ki\u015fisel verileriz hassasiyetle korunmaktad\u0131r. Biz, \u015eirket Ad\u0131, veri sorumlusu olarak, bu gizlilik ve ki\u015fisel verilerin korunmas\u0131 politikas\u0131 ile, hangi&hellip;<\/p>\n","protected":false},"author":2,"featured_media":0,"parent":0,"menu_order":0,"comment_status":"closed","ping_status":"closed","template":"","meta":{"footnotes":""},"class_list":["post-3","page","type-page","status-publish"],"yoast_head":"<title>Gizlilik Politikas\u0131 | So CHIC...<\/title>\n<meta name=\"description\" content=\"Son g\u00fcncellenme: 15\/01\/2023 G\u00fcvenli\u011finiz bizim i\u00e7in \u00f6nemli. Bu sebeple bizimle payla\u015faca\u011f\u0131n\u0131z ki\u015fisel verileriz hassasiyetle korunmaktad\u0131r. Biz, \u015eirket | Gizlilik Politikas\u0131\" \/>\n<meta name=\"robots\" content=\"index, follow, max-snippet:-1, max-image-preview:large, max-video-preview:-1\" \/>\n<link rel=\"canonical\" href=\"https:\/\/www.sochic.com\/blog\/privacy-policy\" \/>\n<meta property=\"og:locale\" content=\"tr_TR\" \/>\n<meta property=\"og:type\" content=\"article\" \/>\n<meta property=\"og:title\" content=\"Gizlilik Politikas\u0131 | So CHIC...\" \/>\n<meta property=\"og:description\" content=\"Son g\u00fcncellenme: 15\/01\/2023 G\u00fcvenli\u011finiz bizim i\u00e7in \u00f6nemli. Bu sebeple bizimle payla\u015faca\u011f\u0131n\u0131z ki\u015fisel verileriz hassasiyetle korunmaktad\u0131r. Biz, \u015eirket | Gizlilik Politikas\u0131\" \/>\n<meta property=\"og:url\" content=\"https:\/\/www.sochic.com\/blog\/privacy-policy\" \/>\n<meta property=\"og:site_name\" content=\"So CHIC...\" \/>\n<meta property=\"article:publisher\" content=\"https:\/\/www.facebook.com\/SoCHICGlobal\" \/>\n<meta property=\"article:modified_time\" content=\"2023-01-15T09:15:09+00:00\" \/>\n<meta property=\"og:image\" content=\"https:\/\/www.sochic.com\/blog\/wp-content\/uploads\/2022\/11\/cropped-sochic-facebook-logo.png\" \/>\n\t<meta property=\"og:image:width\" content=\"512\" \/>\n\t<meta property=\"og:image:height\" content=\"512\" \/>\n\t<meta property=\"og:image:type\" content=\"image\/png\" \/>\n<meta name=\"twitter:card\" content=\"summary_large_image\" \/>\n<meta name=\"twitter:site\" content=\"@SochicGlobal\" \/>\n<script type=\"application\/ld+json\" class=\"yoast-schema-graph\">{\"@context\":\"https:\/\/schema.org\",\"@graph\":[{\"@type\":\"WebPage\",\"@id\":\"https:\/\/www.sochic.com\/blog\/privacy-policy\",\"url\":\"https:\/\/www.sochic.com\/blog\/privacy-policy\",\"name\":\"Gizlilik Politikas\u0131 | So CHIC...\",\"isPartOf\":{\"@id\":\"https:\/\/www.sochic.com\/blog\/#website\"},\"datePublished\":\"2022-10-06T10:39:48+00:00\",\"dateModified\":\"2023-01-15T09:15:09+00:00\",\"description\":\"Son g\u00fcncellenme: 15\/01\/2023 G\u00fcvenli\u011finiz bizim i\u00e7in \u00f6nemli. Bu sebeple bizimle payla\u015faca\u011f\u0131n\u0131z ki\u015fisel verileriz hassasiyetle korunmaktad\u0131r. Biz, \u015eirket | Gizlilik Politikas\u0131\",\"breadcrumb\":{\"@id\":\"https:\/\/www.sochic.com\/blog\/privacy-policy#breadcrumb\"},\"inLanguage\":\"tr\",\"potentialAction\":[{\"@type\":\"ReadAction\",\"target\":[\"https:\/\/www.sochic.com\/blog\/privacy-policy\"]}]},{\"@type\":\"BreadcrumbList\",\"@id\":\"https:\/\/www.sochic.com\/blog\/privacy-policy#breadcrumb\",\"itemListElement\":[{\"@type\":\"ListItem\",\"position\":1,\"name\":\"Anasayfa\",\"item\":\"https:\/\/www.sochic.com\/blog\/\"},{\"@type\":\"ListItem\",\"position\":2,\"name\":\"Gizlilik Politikas\u0131\"}]},{\"@type\":\"WebSite\",\"@id\":\"https:\/\/www.sochic.com\/blog\/#website\",\"url\":\"https:\/\/www.sochic.com\/blog\/\",\"name\":\"So CHIC...\",\"description\":\"So CHIC Blog\",\"publisher\":{\"@id\":\"https:\/\/www.sochic.com\/blog\/#organization\"},\"alternateName\":\"So CHIC\",\"potentialAction\":[{\"@type\":\"SearchAction\",\"target\":{\"@type\":\"EntryPoint\",\"urlTemplate\":\"https:\/\/www.sochic.com\/blog\/?s={search_term_string}\"},\"query-input\":{\"@type\":\"PropertyValueSpecification\",\"valueRequired\":true,\"valueName\":\"search_term_string\"}}],\"inLanguage\":\"tr\"},{\"@type\":\"Organization\",\"@id\":\"https:\/\/www.sochic.com\/blog\/#organization\",\"name\":\"So CHIC...\",\"alternateName\":\"So CHIC\",\"url\":\"https:\/\/www.sochic.com\/blog\/\",\"logo\":{\"@type\":\"ImageObject\",\"inLanguage\":\"tr\",\"@id\":\"https:\/\/www.sochic.com\/blog\/#\/schema\/logo\/image\/\",\"url\":\"https:\/\/sochic.com\/blog\/wp-content\/uploads\/2022\/11\/sochic-facebook-logo.png\",\"contentUrl\":\"https:\/\/sochic.com\/blog\/wp-content\/uploads\/2022\/11\/sochic-facebook-logo.png\",\"width\":800,\"height\":800,\"caption\":\"So CHIC...\"},\"image\":{\"@id\":\"https:\/\/www.sochic.com\/blog\/#\/schema\/logo\/image\/\"},\"sameAs\":[\"https:\/\/www.facebook.com\/SoCHICGlobal\",\"https:\/\/x.com\/SochicGlobal\",\"https:\/\/www.instagram.com\/sochicofficial\/\",\"https:\/\/www.youtube.com\/user\/SoCHICGlobal\"]}]}<\/script>","yoast_head_json":{"title":"Gizlilik Politikas\u0131 | So CHIC...","description":"Son g\u00fcncellenme: 15\/01\/2023 G\u00fcvenli\u011finiz bizim i\u00e7in \u00f6nemli. Bu sebeple bizimle payla\u015faca\u011f\u0131n\u0131z ki\u015fisel verileriz hassasiyetle korunmaktad\u0131r. Biz, \u015eirket | Gizlilik Politikas\u0131","robots":{"index":"index","follow":"follow","max-snippet":"max-snippet:-1","max-image-preview":"max-image-preview:large","max-video-preview":"max-video-preview:-1"},"canonical":"https:\/\/www.sochic.com\/blog\/privacy-policy","og_locale":"tr_TR","og_type":"article","og_title":"Gizlilik Politikas\u0131 | So CHIC...","og_description":"Son g\u00fcncellenme: 15\/01\/2023 G\u00fcvenli\u011finiz bizim i\u00e7in \u00f6nemli. Bu sebeple bizimle payla\u015faca\u011f\u0131n\u0131z ki\u015fisel verileriz hassasiyetle korunmaktad\u0131r. Biz, \u015eirket | Gizlilik Politikas\u0131","og_url":"https:\/\/www.sochic.com\/blog\/privacy-policy","og_site_name":"So CHIC...","article_publisher":"https:\/\/www.facebook.com\/SoCHICGlobal","article_modified_time":"2023-01-15T09:15:09+00:00","og_image":[{"width":512,"height":512,"url":"https:\/\/www.sochic.com\/blog\/wp-content\/uploads\/2022\/11\/cropped-sochic-facebook-logo.png","type":"image\/png"}],"twitter_card":"summary_large_image","twitter_site":"@SochicGlobal","schema":{"@context":"https:\/\/schema.org","@graph":[{"@type":"WebPage","@id":"https:\/\/www.sochic.com\/blog\/privacy-policy","url":"https:\/\/www.sochic.com\/blog\/privacy-policy","name":"Gizlilik Politikas\u0131 | So CHIC...","isPartOf":{"@id":"https:\/\/www.sochic.com\/blog\/#website"},"datePublished":"2022-10-06T10:39:48+00:00","dateModified":"2023-01-15T09:15:09+00:00","description":"Son g\u00fcncellenme: 15\/01\/2023 G\u00fcvenli\u011finiz bizim i\u00e7in \u00f6nemli. Bu sebeple bizimle payla\u015faca\u011f\u0131n\u0131z ki\u015fisel verileriz hassasiyetle korunmaktad\u0131r. Biz, \u015eirket | Gizlilik Politikas\u0131","breadcrumb":{"@id":"https:\/\/www.sochic.com\/blog\/privacy-policy#breadcrumb"},"inLanguage":"tr","potentialAction":[{"@type":"ReadAction","target":["https:\/\/www.sochic.com\/blog\/privacy-policy"]}]},{"@type":"BreadcrumbList","@id":"https:\/\/www.sochic.com\/blog\/privacy-policy#breadcrumb","itemListElement":[{"@type":"ListItem","position":1,"name":"Anasayfa","item":"https:\/\/www.sochic.com\/blog\/"},{"@type":"ListItem","position":2,"name":"Gizlilik Politikas\u0131"}]},{"@type":"WebSite","@id":"https:\/\/www.sochic.com\/blog\/#website","url":"https:\/\/www.sochic.com\/blog\/","name":"So CHIC...","description":"So CHIC Blog","publisher":{"@id":"https:\/\/www.sochic.com\/blog\/#organization"},"alternateName":"So CHIC","potentialAction":[{"@type":"SearchAction","target":{"@type":"EntryPoint","urlTemplate":"https:\/\/www.sochic.com\/blog\/?s={search_term_string}"},"query-input":{"@type":"PropertyValueSpecification","valueRequired":true,"valueName":"search_term_string"}}],"inLanguage":"tr"},{"@type":"Organization","@id":"https:\/\/www.sochic.com\/blog\/#organization","name":"So CHIC...","alternateName":"So CHIC","url":"https:\/\/www.sochic.com\/blog\/","logo":{"@type":"ImageObject","inLanguage":"tr","@id":"https:\/\/www.sochic.com\/blog\/#\/schema\/logo\/image\/","url":"https:\/\/sochic.com\/blog\/wp-content\/uploads\/2022\/11\/sochic-facebook-logo.png","contentUrl":"https:\/\/sochic.com\/blog\/wp-content\/uploads\/2022\/11\/sochic-facebook-logo.png","width":800,"height":800,"caption":"So CHIC..."},"image":{"@id":"https:\/\/www.sochic.com\/blog\/#\/schema\/logo\/image\/"},"sameAs":["https:\/\/www.facebook.com\/SoCHICGlobal","https:\/\/x.com\/SochicGlobal","https:\/\/www.instagram.com\/sochicofficial\/","https:\/\/www.youtube.com\/user\/SoCHICGlobal"]}]}},"_links":{"self":[{"href":"https:\/\/www.sochic.com\/blog\/wp-json\/wp\/v2\/pages\/3"}],"collection":[{"href":"https:\/\/www.sochic.com\/blog\/wp-json\/wp\/v2\/pages"}],"about":[{"href":"https:\/\/www.sochic.com\/blog\/wp-json\/wp\/v2\/types\/page"}],"author":[{"embeddable":true,"href":"https:\/\/www.sochic.com\/blog\/wp-json\/wp\/v2\/users\/2"}],"replies":[{"embeddable":true,"href":"https:\/\/www.sochic.com\/blog\/wp-json\/wp\/v2\/comments?post=3"}],"version-history":[{"count":4,"href":"https:\/\/www.sochic.com\/blog\/wp-json\/wp\/v2\/pages\/3\/revisions"}],"predecessor-version":[{"id":93,"href":"https:\/\/www.sochic.com\/blog\/wp-json\/wp\/v2\/pages\/3\/revisions\/93"}],"wp:attachment":[{"href":"https:\/\/www.sochic.com\/blog\/wp-json\/wp\/v2\/media?parent=3"}],"curies":[{"name":"wp","href":"https:\/\/api.w.org\/{rel}","templated":true}]}}